{"id":29117,"date":"2024-12-09T10:51:35","date_gmt":"2024-12-09T09:51:35","guid":{"rendered":"https:\/\/testmybrain.ch\/?page_id=29117"},"modified":"2025-09-06T16:56:30","modified_gmt":"2025-09-06T14:56:30","slug":"news","status":"publish","type":"page","link":"https:\/\/testmybrain.ch\/en\/news\/","title":{"rendered":"News"},"content":{"rendered":"<p>[et_pb_section fb_built=\"1\u2033 _builder_version=\"4.27.4\u2033 _module_preset=\"default \" custom_padding=\"40px||0px||| \" global_colors_info=\"{} \"][et_pb_row _builder_version=\"4.27.4\u2033 _module_preset=\"default \" custom_padding=\"2px||||| \" global_colors_info=\"{} \"][et_pb_column type=\"4_4\u2033 _builder_version=\"4.27.4\u2033 _module_preset=\"default \" global_colors_info=\"{} \"][et_pb_text _builder_version=\"4.27.4\u2033 _module_preset=\"default \" custom_margin=\"||auto|false|false \" custom_padding=\"||||false|false \" global_colors_info=\"{} \"]<\/p>\n<h4>TESTmyBRAIN at Sport Dimanche - RTS<\/h4>\n<p>[\/et_pb_text][et_pb_text _builder_version=\"4.27.4\u2033 _module_preset=\"default \" custom_margin=\"||auto||false|false\" custom_padding=\"||||false|false\" global_colors_info=\"{}\"]<\/p>\n<h6>10 November 2024<\/h6>\n<p>[\/et_pb_text][et_pb_code _builder_version=\"4.27.4\u2033 _module_preset=\"default \" custom_margin=\"||20px||false|false \" custom_margin_tablet= \" \" custom_margin_phone= \" \" custom_margin_last_edited=\"on|phone \" global_colors_info=\"{} \"]<iframe loading=\"lazy\" width=\"560\" height=\"315\" src=\"https:\/\/www.rts.ch\/play\/embed?urn=urn:rts:video:15279163&#038;startTime=1172&#038;subdivisions=false\" allowfullscreen allow=\"geolocation *; autoplay; encrypted-media\"><\/iframe>[\/et_pb_code][et_pb_button button_url=\"https:\/\/www.rts.ch\/play\/tv\/-\/video\/-?urn=urn:rts:video:15279163&amp;startTime=1172\u2033 button_text=\"To the show\" _builder_version=\"4.27.4\u2033 _module_preset=\"default \" custom_margin=\"||15px|||\" global_colors_info=\"{}\"][\/et_pb_button][et_pb_text _builder_version=\"4.27.4\u2033 _module_preset=\"default \" custom_margin=\"||auto||false|false \" custom_padding=\"||||false|false \" text_font_size_tablet= \" \" text_font_size_phone=\"12px \" text_font_size_last_edited=\"on|phone \" global_colors_info=\"{} \"][\/et_pb_button][et_pb_text _builder_version=\"4.<\/p>\n<p><em>Journalists - Mr Joris Repond &amp; Mrs Elodie Crausaz<\/em><\/p>\n<p>[\/et_pb_text][\/et_pb_column][\/et_pb_row][\/et_pb_section][et_pb_section fb_built=\"1\u2033 _builder_version=\"4.27.4\u2033 _module_preset=\"default \" background_color=\"#FFFFFF \" custom_padding=\"40px||0px||| \" global_colors_info=\"{} \"][et_pb_row _builder_version=\"4.27.4\u2033 _module_preset=\"default \" custom_padding=\"2px||||| \" global_colors_info=\"{} \"][et_pb_column type=\"4_4\u2033 _builder_version=\"4.27.4\u2033 _module_preset=\"default \" global_colors_info=\"{} \"][et_pb_text _builder_version=\"4.27.4\u2033 _module_preset=\"default \" custom_margin=\"||auto||false|false \" custom_padding=\"||||false|false \" global_colors_info=\"{} \"]<\/p>\n<h4>TESTmyBRAIN at Sport Premi\u00e8re - RTS<\/h4>\n<p>[\/et_pb_text][et_pb_text _builder_version=\"4.27.4\u2033 _module_preset=\"default \" custom_margin=\"||auto||false|false\" custom_padding=\"||||false|false\" global_colors_info=\"{}\"]<\/p>\n<h6>09 November 2024<\/h6>\n<p>[\/et_pb_text][et_pb_text _builder_version=\"4.27.4\u2033 _module_preset=\"default \" custom_margin=\"||auto||false|false \" custom_padding=\"||12px||false|false \" global_colors_info=\"{}\"]<\/p>\n<h6><span data-huuid=\"4418157546074306696\"> \u00c9<\/span>run at 1:38:12<\/h6>\n<p>[\/et_pb_text][et_pb_code _builder_version=\"4.27.4\u2033 _module_preset=\"default \" custom_margin=\"||20px||false|false \" custom_margin_tablet= \" \" custom_margin_phone= \" \" custom_margin_last_edited=\"on|phone \" global_colors_info=\"{} \"]<iframe loading=\"lazy\" src=\"https:\/\/www.rts.ch\/play\/embed?urn=urn:rts:audio:15248582\" width=\"560\" height=\"315\" frameborder=\"0\" allowfullscreen=\"true\" allow=\"fullscreen; geolocation *; autoplay; encrypted-media\" name=\"Sport Premi\u00e8re\"><\/iframe>[\/et_pb_code][et_pb_button button_url=\"https:\/\/www.rts.ch\/play\/radio\/redirect\/detail\/15248582?startTime=5878\u2033 button_text=\"To the show\" _builder_version=\"4.27.4\u2033 _module_preset=\"default \" custom_margin=\"||14px|||\" global_colors_info=\"{}\"][\/et_pb_button][et_pb_text _builder_version=\"4.27.4\u2033 _module_preset=\"default \" custom_margin=\"-2px||auto||false|false \" custom_padding=\"||||false|false \" text_font_size_tablet= \" \" text_font_size_phone=\"12px \" text_font_size_last_edited=\"on|phone \" global_colors_info=\"{} \"][\/et_pb_button][et_pb_text _builder_version=\"4.<\/p>\n<p><em>Journalists - Mr Joris Repond &amp; Mrs Elodie Crausaz<\/em><\/p>\n<p>[\/et_pb_text][\/et_pb_column][\/et_pb_row][\/et_pb_section]<\/p>","protected":false},"excerpt":{"rendered":"<p>TESTmyBRAIN on Sport Dimanche - RTS10 November 2024Journalists - Mr. Joris Repond &amp; Ms. Elodie CrausazTESTmyBRAIN on Sport Premi\u00e8re - RTS09 November 2024 Listen at 1:38:12Journalists - Mr. Joris Repond &amp; Ms. Elodie Crausaz<\/p>","protected":false},"author":1,"featured_media":0,"parent":0,"menu_order":0,"comment_status":"closed","ping_status":"closed","template":"","meta":{"_et_pb_use_builder":"on","_et_pb_old_content":"","_et_gb_content_width":"","footnotes":""},"class_list":["post-29117","page","type-page","status-publish","hentry"],"yoast_head":"<!-- This site is optimized with the Yoast SEO plugin v25.8 - https:\/\/yoast.com\/wordpress\/plugins\/seo\/ -->\n<title>Actualit\u00e9s &#8211; TESTmyBRAIN<\/title>\n<meta name=\"description\" content=\"TESTmyBRAIN dans les m\u00e9dias : d\u00e9couvrez nos solutions de neurologie fonctionnelle expliqu\u00e9es \u00e0 la TV, \u00e0 la radio et dans la presse en Suisse.\" \/>\n<meta name=\"robots\" content=\"index, follow, max-snippet:-1, max-image-preview:large, max-video-preview:-1\" \/>\n<link rel=\"canonical\" href=\"https:\/\/testmybrain.ch\/en\/news\/\" \/>\n<meta property=\"og:locale\" content=\"en_GB\" \/>\n<meta property=\"og:type\" content=\"article\" \/>\n<meta property=\"og:title\" content=\"Actualit\u00e9s &#8211; TESTmyBRAIN\" \/>\n<meta property=\"og:description\" content=\"TESTmyBRAIN dans les m\u00e9dias : d\u00e9couvrez nos solutions de neurologie fonctionnelle expliqu\u00e9es \u00e0 la TV, \u00e0 la radio et dans la presse en Suisse.\" \/>\n<meta property=\"og:url\" content=\"https:\/\/testmybrain.ch\/en\/news\/\" \/>\n<meta property=\"og:site_name\" content=\"TESTmyBRAIN\" \/>\n<meta property=\"article:modified_time\" content=\"2025-09-06T14:56:30+00:00\" \/>\n<meta property=\"og:image\" content=\"https:\/\/testmybrain.ch\/wp-content\/uploads\/2024\/11\/Logo_TESTmyBRAIN.png\" \/>\n\t<meta property=\"og:image:width\" content=\"1125\" \/>\n\t<meta property=\"og:image:height\" content=\"1125\" \/>\n\t<meta property=\"og:image:type\" content=\"image\/png\" \/>\n<meta name=\"twitter:card\" content=\"summary_large_image\" \/>\n<meta name=\"twitter:label1\" content=\"Estimated reading time\" \/>\n\t<meta name=\"twitter:data1\" content=\"1 minute\" \/>\n<script type=\"application\/ld+json\" class=\"yoast-schema-graph\">{\"@context\":\"https:\/\/schema.org\",\"@graph\":[{\"@type\":\"WebPage\",\"@id\":\"https:\/\/testmybrain.ch\/actualites\/\",\"url\":\"https:\/\/testmybrain.ch\/actualites\/\",\"name\":\"Actualit\u00e9s &#8211; TESTmyBRAIN\",\"isPartOf\":{\"@id\":\"https:\/\/testmybrain.ch\/#website\"},\"datePublished\":\"2024-12-09T09:51:35+00:00\",\"dateModified\":\"2025-09-06T14:56:30+00:00\",\"description\":\"TESTmyBRAIN dans les m\u00e9dias : d\u00e9couvrez nos solutions de neurologie fonctionnelle expliqu\u00e9es \u00e0 la TV, \u00e0 la radio et dans la presse en Suisse.\",\"breadcrumb\":{\"@id\":\"https:\/\/testmybrain.ch\/actualites\/#breadcrumb\"},\"inLanguage\":\"en-GB\",\"potentialAction\":[{\"@type\":\"ReadAction\",\"target\":[\"https:\/\/testmybrain.ch\/actualites\/\"]}]},{\"@type\":\"BreadcrumbList\",\"@id\":\"https:\/\/testmybrain.ch\/actualites\/#breadcrumb\",\"itemListElement\":[{\"@type\":\"ListItem\",\"position\":1,\"name\":\"Accueil\",\"item\":\"https:\/\/testmybrain.ch\/\"},{\"@type\":\"ListItem\",\"position\":2,\"name\":\"Actualit\u00e9s\"}]},{\"@type\":\"WebSite\",\"@id\":\"https:\/\/testmybrain.ch\/#website\",\"url\":\"https:\/\/testmybrain.ch\/\",\"name\":\"TESTmyBRAIN\",\"description\":\"Soins neurologiques\",\"publisher\":{\"@id\":\"https:\/\/testmybrain.ch\/#organization\"},\"potentialAction\":[{\"@type\":\"SearchAction\",\"target\":{\"@type\":\"EntryPoint\",\"urlTemplate\":\"https:\/\/testmybrain.ch\/?s={search_term_string}\"},\"query-input\":{\"@type\":\"PropertyValueSpecification\",\"valueRequired\":true,\"valueName\":\"search_term_string\"}}],\"inLanguage\":\"en-GB\"},{\"@type\":\"Organization\",\"@id\":\"https:\/\/testmybrain.ch\/#organization\",\"name\":\"TESTmyBRAIN\",\"url\":\"https:\/\/testmybrain.ch\/\",\"logo\":{\"@type\":\"ImageObject\",\"inLanguage\":\"en-GB\",\"@id\":\"https:\/\/testmybrain.ch\/#\/schema\/logo\/image\/\",\"url\":\"https:\/\/testmybrain.ch\/wp-content\/uploads\/2024\/11\/Logo_TESTmyBRAIN.png\",\"contentUrl\":\"https:\/\/testmybrain.ch\/wp-content\/uploads\/2024\/11\/Logo_TESTmyBRAIN.png\",\"width\":1125,\"height\":1125,\"caption\":\"TESTmyBRAIN\"},\"image\":{\"@id\":\"https:\/\/testmybrain.ch\/#\/schema\/logo\/image\/\"}}]}<\/script>\n<!-- \/ Yoast SEO plugin. -->","yoast_head_json":{"title":"News - TESTmyBRAIN","description":"TESTmyBRAIN in the media: discover our functional neurology solutions explained on TV, radio and in the Swiss press.","robots":{"index":"index","follow":"follow","max-snippet":"max-snippet:-1","max-image-preview":"max-image-preview:large","max-video-preview":"max-video-preview:-1"},"canonical":"https:\/\/testmybrain.ch\/en\/news\/","og_locale":"en_GB","og_type":"article","og_title":"Actualit\u00e9s &#8211; TESTmyBRAIN","og_description":"TESTmyBRAIN dans les m\u00e9dias : d\u00e9couvrez nos solutions de neurologie fonctionnelle expliqu\u00e9es \u00e0 la TV, \u00e0 la radio et dans la presse en Suisse.","og_url":"https:\/\/testmybrain.ch\/en\/news\/","og_site_name":"TESTmyBRAIN","article_modified_time":"2025-09-06T14:56:30+00:00","og_image":[{"width":1125,"height":1125,"url":"https:\/\/testmybrain.ch\/wp-content\/uploads\/2024\/11\/Logo_TESTmyBRAIN.png","type":"image\/png"}],"twitter_card":"summary_large_image","twitter_misc":{"Estimated reading time":"1 minute"},"schema":{"@context":"https:\/\/schema.org","@graph":[{"@type":"WebPage","@id":"https:\/\/testmybrain.ch\/actualites\/","url":"https:\/\/testmybrain.ch\/actualites\/","name":"News - TESTmyBRAIN","isPartOf":{"@id":"https:\/\/testmybrain.ch\/#website"},"datePublished":"2024-12-09T09:51:35+00:00","dateModified":"2025-09-06T14:56:30+00:00","description":"TESTmyBRAIN in the media: discover our functional neurology solutions explained on TV, radio and in the Swiss press.","breadcrumb":{"@id":"https:\/\/testmybrain.ch\/actualites\/#breadcrumb"},"inLanguage":"en-GB","potentialAction":[{"@type":"ReadAction","target":["https:\/\/testmybrain.ch\/actualites\/"]}]},{"@type":"BreadcrumbList","@id":"https:\/\/testmybrain.ch\/actualites\/#breadcrumb","itemListElement":[{"@type":"ListItem","position":1,"name":"Accueil","item":"https:\/\/testmybrain.ch\/"},{"@type":"ListItem","position":2,"name":"Actualit\u00e9s"}]},{"@type":"WebSite","@id":"https:\/\/testmybrain.ch\/#website","url":"https:\/\/testmybrain.ch\/","name":"TESTmyBRAIN","description":"Neurological care","publisher":{"@id":"https:\/\/testmybrain.ch\/#organization"},"potentialAction":[{"@type":"SearchAction","target":{"@type":"EntryPoint","urlTemplate":"https:\/\/testmybrain.ch\/?s={search_term_string}"},"query-input":{"@type":"PropertyValueSpecification","valueRequired":true,"valueName":"search_term_string"}}],"inLanguage":"en-GB"},{"@type":"Organization","@id":"https:\/\/testmybrain.ch\/#organization","name":"TESTmyBRAIN","url":"https:\/\/testmybrain.ch\/","logo":{"@type":"ImageObject","inLanguage":"en-GB","@id":"https:\/\/testmybrain.ch\/#\/schema\/logo\/image\/","url":"https:\/\/testmybrain.ch\/wp-content\/uploads\/2024\/11\/Logo_TESTmyBRAIN.png","contentUrl":"https:\/\/testmybrain.ch\/wp-content\/uploads\/2024\/11\/Logo_TESTmyBRAIN.png","width":1125,"height":1125,"caption":"TESTmyBRAIN"},"image":{"@id":"https:\/\/testmybrain.ch\/#\/schema\/logo\/image\/"}}]}},"_links":{"self":[{"href":"https:\/\/testmybrain.ch\/en\/wp-json\/wp\/v2\/pages\/29117","targetHints":{"allow":["GET"]}}],"collection":[{"href":"https:\/\/testmybrain.ch\/en\/wp-json\/wp\/v2\/pages"}],"about":[{"href":"https:\/\/testmybrain.ch\/en\/wp-json\/wp\/v2\/types\/page"}],"author":[{"embeddable":true,"href":"https:\/\/testmybrain.ch\/en\/wp-json\/wp\/v2\/users\/1"}],"replies":[{"embeddable":true,"href":"https:\/\/testmybrain.ch\/en\/wp-json\/wp\/v2\/comments?post=29117"}],"version-history":[{"count":38,"href":"https:\/\/testmybrain.ch\/en\/wp-json\/wp\/v2\/pages\/29117\/revisions"}],"predecessor-version":[{"id":29456,"href":"https:\/\/testmybrain.ch\/en\/wp-json\/wp\/v2\/pages\/29117\/revisions\/29456"}],"wp:attachment":[{"href":"https:\/\/testmybrain.ch\/en\/wp-json\/wp\/v2\/media?parent=29117"}],"curies":[{"name":"wp","href":"https:\/\/api.w.org\/{rel}","templated":true}]}}